{"id":146,"date":"2014-03-03T19:47:34","date_gmt":"2014-03-03T17:47:34","guid":{"rendered":"http:\/\/www.plan-verde.org\/gallery\/?page_id=146"},"modified":"2016-06-11T01:20:27","modified_gmt":"2016-06-10T23:20:27","slug":"mit-250-neembaeumen-nach-la-islilla","status":"publish","type":"page","link":"http:\/\/www.plan-verde.org\/gallery\/mit-250-neembaeumen-nach-la-islilla\/","title":{"rendered":"Mit 250 Neemb\u00e4umen nach La Islilla."},"content":{"rendered":"<p>Zusammen mit dem B\u00fcrgermeister und einer Gruppe junger Leute, die sich f\u00fcr ihr La Islilla einsetzen, haben wir im Februar 2014 Gespr\u00e4che zur Begr\u00fcnung von La Islilla gef\u00fchrt und veranschaulicht, wie der Neembaum richtig gepflanzt und gepflegt wird.<\/p>\n<p><iframe loading=\"lazy\" width=\"900\" height=\"506\" src=\"https:\/\/www.youtube.com\/embed\/B5dRt3amdPw?feature=oembed\" frameborder=\"0\" allowfullscreen><\/iframe><\/p>\n","protected":false},"excerpt":{"rendered":"<p>Zusammen mit dem B\u00fcrgermeister und einer Gruppe junger Leute, die sich f\u00fcr ihr La Islilla einsetzen, haben wir im Februar 2014 Gespr\u00e4che zur Begr\u00fcnung von La Islilla gef\u00fchrt und veranschaulicht, wie der Neembaum richtig gepflanzt und gepflegt wird.<\/p>\n<p> <a class=\"continue-reading-link\" href=\"http:\/\/www.plan-verde.org\/gallery\/mit-250-neembaeumen-nach-la-islilla\/\"><span>Continue reading<\/span><i class=\"crycon-right-dir\"><\/i><\/a> <\/p>\n","protected":false},"author":1,"featured_media":0,"parent":0,"menu_order":0,"comment_status":"closed","ping_status":"closed","template":"","meta":{"ngg_post_thumbnail":0,"footnotes":""},"class_list":["post-146","page","type-page","status-publish","hentry"],"aioseo_notices":[],"_links":{"self":[{"href":"http:\/\/www.plan-verde.org\/gallery\/wp-json\/wp\/v2\/pages\/146","targetHints":{"allow":["GET"]}}],"collection":[{"href":"http:\/\/www.plan-verde.org\/gallery\/wp-json\/wp\/v2\/pages"}],"about":[{"href":"http:\/\/www.plan-verde.org\/gallery\/wp-json\/wp\/v2\/types\/page"}],"author":[{"embeddable":true,"href":"http:\/\/www.plan-verde.org\/gallery\/wp-json\/wp\/v2\/users\/1"}],"replies":[{"embeddable":true,"href":"http:\/\/www.plan-verde.org\/gallery\/wp-json\/wp\/v2\/comments?post=146"}],"version-history":[{"count":0,"href":"http:\/\/www.plan-verde.org\/gallery\/wp-json\/wp\/v2\/pages\/146\/revisions"}],"wp:attachment":[{"href":"http:\/\/www.plan-verde.org\/gallery\/wp-json\/wp\/v2\/media?parent=146"}],"curies":[{"name":"wp","href":"https:\/\/api.w.org\/{rel}","templated":true}]}}