{"id":193,"date":"2015-05-09T20:56:51","date_gmt":"2015-05-09T18:56:51","guid":{"rendered":"http:\/\/www.plan-verde.org\/gallery\/?page_id=193"},"modified":"2016-06-11T01:20:07","modified_gmt":"2016-06-10T23:20:07","slug":"garten-gesunder-selbstversorgung","status":"publish","type":"page","link":"http:\/\/www.plan-verde.org\/gallery\/garten-gesunder-selbstversorgung\/","title":{"rendered":"Garten gesunder Selbstversorgung"},"content":{"rendered":"<p>Das Plan Verde Projekt &#8222;Hogar de Cristo&#8220; nimmt Gestalt an. Nachdem das Gel\u00e4nde von M\u00fcll entsorgt worden ist, haben wir gemeinsam mit den Kindern den Schulgarten geplant und mit vielen flei\u00dfigen H\u00e4nden die heutige Form gegeben.<\/p>\n<p>Der Moringa wird immer gr\u00f6\u00dfer, die Bananen bekommen die ersten Bl\u00fcten, die S\u00fc\u00dfkartoffeln k\u00f6nnen bald geerntet werden, die Limettenb\u00e4umchen strotzen vor Kraft und die Kinder freuen sich, wenn Plan Verde wieder mit neuen Pflanzen auf den Hof f\u00e4hrt.<\/p>\n<p>Durchgeh\u00e4rteter Boden muss vor der Pflanzung in schwei\u00dftreibender Arbeit aufgelockert werden. Die kleinen H\u00e4nde sortieren Steine aus dem Boden, dann wird bew\u00e4ssert und schon ist die Pflanze in der Erde.<\/p>\n<p>Und auch das Wissen \u00fcber die Pflanzen darf nicht fehlen. Zwischendurch wird erkl\u00e4rt, welchen Nutzen die Pflanzen den Kindern bringen, wie sie gepflegt und richtig beschnitten werden.<\/p>\n<p>Plan Verde ist stolz auf die Kinder und wird das Projekt weiterf\u00fchren und den W\u00fcnschen der Kinder versuchen nach zukommen.<br \/>\n<strong>Denn nur mit den Kindern ist ein Umdenken f\u00fcr eine bessere Umwelt m\u00f6glich.<\/strong><\/p>\n<p><iframe loading=\"lazy\" width=\"900\" height=\"506\" src=\"https:\/\/www.youtube.com\/embed\/vxskjEnuFlw?feature=oembed\" frameborder=\"0\" allowfullscreen><\/iframe><\/p>\n","protected":false},"excerpt":{"rendered":"<p>Das Plan Verde Projekt &#8222;Hogar de Cristo&#8220; nimmt Gestalt an. Nachdem das Gel\u00e4nde von M\u00fcll entsorgt worden ist, haben wir gemeinsam mit den Kindern den Schulgarten geplant und mit vielen flei\u00dfigen H\u00e4nden die heutige Form gegeben. Der Moringa wird immer gr\u00f6\u00dfer, die Bananen bekommen die ersten Bl\u00fcten, die S\u00fc\u00dfkartoffeln k\u00f6nnen\u2026<\/p>\n<p> <a class=\"continue-reading-link\" href=\"http:\/\/www.plan-verde.org\/gallery\/garten-gesunder-selbstversorgung\/\"><span>Continue reading<\/span><i class=\"crycon-right-dir\"><\/i><\/a> <\/p>\n","protected":false},"author":1,"featured_media":0,"parent":0,"menu_order":0,"comment_status":"closed","ping_status":"closed","template":"","meta":{"ngg_post_thumbnail":0,"footnotes":""},"class_list":["post-193","page","type-page","status-publish","hentry"],"aioseo_notices":[],"_links":{"self":[{"href":"http:\/\/www.plan-verde.org\/gallery\/wp-json\/wp\/v2\/pages\/193","targetHints":{"allow":["GET"]}}],"collection":[{"href":"http:\/\/www.plan-verde.org\/gallery\/wp-json\/wp\/v2\/pages"}],"about":[{"href":"http:\/\/www.plan-verde.org\/gallery\/wp-json\/wp\/v2\/types\/page"}],"author":[{"embeddable":true,"href":"http:\/\/www.plan-verde.org\/gallery\/wp-json\/wp\/v2\/users\/1"}],"replies":[{"embeddable":true,"href":"http:\/\/www.plan-verde.org\/gallery\/wp-json\/wp\/v2\/comments?post=193"}],"version-history":[{"count":0,"href":"http:\/\/www.plan-verde.org\/gallery\/wp-json\/wp\/v2\/pages\/193\/revisions"}],"wp:attachment":[{"href":"http:\/\/www.plan-verde.org\/gallery\/wp-json\/wp\/v2\/media?parent=193"}],"curies":[{"name":"wp","href":"https:\/\/api.w.org\/{rel}","templated":true}]}}