{"id":322,"date":"2015-05-22T03:20:48","date_gmt":"2015-05-22T01:20:48","guid":{"rendered":"http:\/\/www.plan-verde.org\/gallery\/?page_id=322"},"modified":"2016-06-11T01:22:12","modified_gmt":"2016-06-10T23:22:12","slug":"pyrolysekocher","status":"publish","type":"page","link":"http:\/\/www.plan-verde.org\/gallery\/pyrolysekocher\/","title":{"rendered":"Pyrolysekocher"},"content":{"rendered":"<p>Es ist eigentlich ganz einfach. Zwei alte \u00d6lf\u00e4sser, ein wenig technisches Geschick und schon ist der eigene Pyrolysekocher fertig gestellt.<\/p>\n<p>Die Landbev\u00f6lkerung in Piura \/ Peru verwendet haupts\u00e4chlich Holz und Holzkohle zum Kochen. Mit einem Pyrolysekocher kann auch kleinerer Holzschnitt, biologischer Abfall von Obst und Gem\u00fcse in wertvolle Holzkohle umgewandelt werden.<\/p>\n<p>Gef\u00fcllt mit Allerlei von Resten, beginnt sich das oben entfachte Feuer, bedingt durch die Konstruktion, langsam nach unter &#8222;durch zu fressen&#8220;. Im richtig abgepassten Moment, wird die Glut mit Wasser gel\u00f6scht und danach die Kohle zum trocknen ausgelegt.<\/p>\n<p>Die Holzkohle kann nat\u00fcrlich auch, wenn sie fein gestampft wird, als Bodenverbesserer bei Pflanzungen von Nahrungsmitteln eingesetzt werden.<\/p>\n<p><strong>ngg_shortcode_0_placeholder<\/strong><\/p>\n","protected":false},"excerpt":{"rendered":"<p>Es ist eigentlich ganz einfach. Zwei alte \u00d6lf\u00e4sser, ein wenig technisches Geschick und schon ist der eigene Pyrolysekocher fertig gestellt. Die Landbev\u00f6lkerung in Piura \/ Peru verwendet haupts\u00e4chlich Holz und Holzkohle zum Kochen. Mit einem Pyrolysekocher kann auch kleinerer Holzschnitt, biologischer Abfall von Obst und Gem\u00fcse in wertvolle Holzkohle umgewandelt\u2026<\/p>\n<p> <a class=\"continue-reading-link\" href=\"http:\/\/www.plan-verde.org\/gallery\/pyrolysekocher\/\"><span>Continue reading<\/span><i class=\"crycon-right-dir\"><\/i><\/a> <\/p>\n","protected":false},"author":1,"featured_media":0,"parent":0,"menu_order":0,"comment_status":"closed","ping_status":"closed","template":"","meta":{"ngg_post_thumbnail":0,"footnotes":""},"class_list":["post-322","page","type-page","status-publish","hentry"],"aioseo_notices":[],"_links":{"self":[{"href":"http:\/\/www.plan-verde.org\/gallery\/wp-json\/wp\/v2\/pages\/322","targetHints":{"allow":["GET"]}}],"collection":[{"href":"http:\/\/www.plan-verde.org\/gallery\/wp-json\/wp\/v2\/pages"}],"about":[{"href":"http:\/\/www.plan-verde.org\/gallery\/wp-json\/wp\/v2\/types\/page"}],"author":[{"embeddable":true,"href":"http:\/\/www.plan-verde.org\/gallery\/wp-json\/wp\/v2\/users\/1"}],"replies":[{"embeddable":true,"href":"http:\/\/www.plan-verde.org\/gallery\/wp-json\/wp\/v2\/comments?post=322"}],"version-history":[{"count":0,"href":"http:\/\/www.plan-verde.org\/gallery\/wp-json\/wp\/v2\/pages\/322\/revisions"}],"wp:attachment":[{"href":"http:\/\/www.plan-verde.org\/gallery\/wp-json\/wp\/v2\/media?parent=322"}],"curies":[{"name":"wp","href":"https:\/\/api.w.org\/{rel}","templated":true}]}}