{"id":419,"date":"2015-05-24T20:26:44","date_gmt":"2015-05-24T18:26:44","guid":{"rendered":"http:\/\/www.plan-verde.org\/gallery\/?page_id=419"},"modified":"2016-06-11T01:19:46","modified_gmt":"2016-06-10T23:19:46","slug":"die-erste-moringa-ernte","status":"publish","type":"page","link":"http:\/\/www.plan-verde.org\/gallery\/die-erste-moringa-ernte\/","title":{"rendered":"Die erste Moringa Ernte"},"content":{"rendered":"<p>Die erste Moringa Ernte<\/p>\n<p>3 1\/2 Monate ist es her, dass wir im &#8222;Hogar de Cristo&#8220; die Pflanzaktion &#8222;Moringa&#8220; durchgef\u00fchrt haben. Dank der guten Pflege der B\u00e4ume, konnten wir jetzt schon die erste Blatternte starten.<\/p>\n<p>Die Moringast\u00e4mme werden auf ca. 80 cm gek\u00fcrzt, damit sich die Blattproduktion erh\u00f6ht. Die abgeschnittenen Bl\u00e4tter werden zu kleinen &#8222;Str\u00e4u\u00dfen&#8220; geb\u00fcndelt und an einer Leine zum trocknen aufgeh\u00e4ngt.<\/p>\n<p>Nat\u00fcrlich sind nicht alle Moringa B\u00e4ume gek\u00fcrzt worden, da wir die Samen der Moringas sp\u00e4ter nicht nur f\u00fcr die Wasserreinigung ben\u00f6tigen.<\/p>\n<p>Die Moringast\u00e4mme werden in kleine St\u00fcck geschnitten und als D\u00fcnger f\u00fcr den Heimgarten verwendet.<\/p>\n<p>Nach 3 bis 4 Tagen sind die Bl\u00e4tter getrocknet, dann werden sie zu Pulver gemahlen und als hochwertiges Gew\u00fcrz bei der Zubereitung von Speisen beigegeben oder mit Wasser gemischt, ein k\u00f6stliches gesundes Erfrischungsgetr\u00e4nk gemacht.<\/p>\n<p>Die Kinder arbeiteten voller Begeisterung bei der Verarbeitung der getrockneten Moringabl\u00e4tter mit. Bis zur n\u00e4chsten Ernte werden die so gewonnenen 2 Kilo Moringapulver den Kids viel Energie geben.<\/p>\n<p>&nbsp;<\/p>\nngg_shortcode_0_placeholder\n","protected":false},"excerpt":{"rendered":"<p>Die erste Moringa Ernte 3 1\/2 Monate ist es her, dass wir im &#8222;Hogar de Cristo&#8220; die Pflanzaktion &#8222;Moringa&#8220; durchgef\u00fchrt haben. Dank der guten Pflege der B\u00e4ume, konnten wir jetzt schon die erste Blatternte starten. Die Moringast\u00e4mme werden auf ca. 80 cm gek\u00fcrzt, damit sich die Blattproduktion erh\u00f6ht. Die abgeschnittenen\u2026<\/p>\n<p> <a class=\"continue-reading-link\" href=\"http:\/\/www.plan-verde.org\/gallery\/die-erste-moringa-ernte\/\"><span>Continue reading<\/span><i class=\"crycon-right-dir\"><\/i><\/a> <\/p>\n","protected":false},"author":1,"featured_media":0,"parent":0,"menu_order":0,"comment_status":"closed","ping_status":"closed","template":"","meta":{"ngg_post_thumbnail":0,"footnotes":""},"class_list":["post-419","page","type-page","status-publish","hentry"],"aioseo_notices":[],"_links":{"self":[{"href":"http:\/\/www.plan-verde.org\/gallery\/wp-json\/wp\/v2\/pages\/419","targetHints":{"allow":["GET"]}}],"collection":[{"href":"http:\/\/www.plan-verde.org\/gallery\/wp-json\/wp\/v2\/pages"}],"about":[{"href":"http:\/\/www.plan-verde.org\/gallery\/wp-json\/wp\/v2\/types\/page"}],"author":[{"embeddable":true,"href":"http:\/\/www.plan-verde.org\/gallery\/wp-json\/wp\/v2\/users\/1"}],"replies":[{"embeddable":true,"href":"http:\/\/www.plan-verde.org\/gallery\/wp-json\/wp\/v2\/comments?post=419"}],"version-history":[{"count":0,"href":"http:\/\/www.plan-verde.org\/gallery\/wp-json\/wp\/v2\/pages\/419\/revisions"}],"wp:attachment":[{"href":"http:\/\/www.plan-verde.org\/gallery\/wp-json\/wp\/v2\/media?parent=419"}],"curies":[{"name":"wp","href":"https:\/\/api.w.org\/{rel}","templated":true}]}}