{"id":522,"date":"2015-05-29T22:30:13","date_gmt":"2015-05-29T20:30:13","guid":{"rendered":"http:\/\/www.plan-verde.org\/gallery\/?page_id=522"},"modified":"2016-06-11T01:22:51","modified_gmt":"2016-06-10T23:22:51","slug":"versuchsgarten-plan-verde","status":"publish","type":"page","link":"http:\/\/www.plan-verde.org\/gallery\/versuchsgarten-plan-verde\/","title":{"rendered":"Versuchsgarten Plan Verde"},"content":{"rendered":"<p>Neben dem Office von Plan Verde war ein fast vollst\u00e4ndig zu gewuchertes Grundst\u00fcck, was keinerlei Bedeutung erlangte. Nach einigen Erkundigungen haben wir heraus gefunden, dass dieses Grundst\u00fcck einem Ehepaar geh\u00f6rt, was seit Jahren in Kanada lebt und sich darum nicht k\u00fcmmert.<\/p>\n<p>Die Idee war geboren, auf diesem Grundst\u00fcck, nach Absprache mit der &#8222;Siedlungsleitung&#8220;, einen <strong>Plan Verde Versuchsgarten<\/strong> einzurichten.<\/p>\n<p>\u00dcber Wochen haben wir nebenbei dieses Grundst\u00fcck von allem m\u00f6glichen ges\u00e4ubert und befreit. Unz\u00e4hlige Schubkarren an Bauschutt, diverse prall gef\u00fcllte M\u00fcllt\u00fcten der M\u00fcllentsorgung \u00fcberreicht und reichlich organisches Material zur Holzkohle verk\u00f6hlert. <a href=\"http:\/\/www.plan-verde.org\/gallery\/pyrolysekocher\/\">Pyrolysekocher<\/a>.<\/p>\n<p>F\u00fcr die &#8222;Sch\u00f6nheitsarbeiten&#8220; hat uns ein Freund seinen BobCat geliehen. Damit konnten wir das Grundst\u00fcck nivellieren. Vielen Dank!<\/p>\n<p>Heute kann sich das Ergebnis sehen lassen und bringt Plan Verde wertvolle Erfahrungen und Erkenntnisse f\u00fcr die Aufforstung in Peru mit weiteren Pflanzen.<\/p>\nngg_shortcode_0_placeholder\n","protected":false},"excerpt":{"rendered":"<p>Neben dem Office von Plan Verde war ein fast vollst\u00e4ndig zu gewuchertes Grundst\u00fcck, was keinerlei Bedeutung erlangte. Nach einigen Erkundigungen haben wir heraus gefunden, dass dieses Grundst\u00fcck einem Ehepaar geh\u00f6rt, was seit Jahren in Kanada lebt und sich darum nicht k\u00fcmmert. Die Idee war geboren, auf diesem Grundst\u00fcck, nach Absprache\u2026<\/p>\n<p> <a class=\"continue-reading-link\" href=\"http:\/\/www.plan-verde.org\/gallery\/versuchsgarten-plan-verde\/\"><span>Continue reading<\/span><i class=\"crycon-right-dir\"><\/i><\/a> <\/p>\n","protected":false},"author":1,"featured_media":0,"parent":0,"menu_order":0,"comment_status":"closed","ping_status":"closed","template":"","meta":{"ngg_post_thumbnail":0,"footnotes":""},"class_list":["post-522","page","type-page","status-publish","hentry"],"aioseo_notices":[],"_links":{"self":[{"href":"http:\/\/www.plan-verde.org\/gallery\/wp-json\/wp\/v2\/pages\/522","targetHints":{"allow":["GET"]}}],"collection":[{"href":"http:\/\/www.plan-verde.org\/gallery\/wp-json\/wp\/v2\/pages"}],"about":[{"href":"http:\/\/www.plan-verde.org\/gallery\/wp-json\/wp\/v2\/types\/page"}],"author":[{"embeddable":true,"href":"http:\/\/www.plan-verde.org\/gallery\/wp-json\/wp\/v2\/users\/1"}],"replies":[{"embeddable":true,"href":"http:\/\/www.plan-verde.org\/gallery\/wp-json\/wp\/v2\/comments?post=522"}],"version-history":[{"count":0,"href":"http:\/\/www.plan-verde.org\/gallery\/wp-json\/wp\/v2\/pages\/522\/revisions"}],"wp:attachment":[{"href":"http:\/\/www.plan-verde.org\/gallery\/wp-json\/wp\/v2\/media?parent=522"}],"curies":[{"name":"wp","href":"https:\/\/api.w.org\/{rel}","templated":true}]}}