{"id":63,"date":"2013-09-24T01:14:44","date_gmt":"2013-09-23T23:14:44","guid":{"rendered":"http:\/\/www.plan-verde.org\/gallery\/?page_id=63"},"modified":"2016-06-11T01:21:19","modified_gmt":"2016-06-10T23:21:19","slug":"pflanzaktion-in-islilla","status":"publish","type":"page","link":"http:\/\/www.plan-verde.org\/gallery\/pflanzaktion-in-islilla\/","title":{"rendered":"Pflanzaktion in Islilla"},"content":{"rendered":"<p>Dem Tipp und Rat folgend von einer sehr netten GIZ &#8211; Mitarbeiterin f\u00fcr Katastrophenschutz haben wir vor 3 Tagen 250 Neemb\u00e4ume &#8211; gesch\u00fctzt auf privaten Grund &#8211; in die N\u00e4he einer Fischer-Gemeinde gepflanzt. Der &#8222;Einstand&#8220; an Samen f\u00fcr dieses Gebiet und die n\u00e4chsten Jahre. Dieses Dorf ist ein Beispiel f\u00fcr Kontraste, die nicht krasser sein k\u00f6nnen. Es liegt am Pazifik, ist komplett trocken, kein Strauch oder anderes an Pflanzen, hat kein flie\u00dfendes Wasser&#8230; aber Strom f\u00fcr den Schiffsbau. Das Holz kommt aus dem Amazonas! Die Menschen leben in katastrophalen Zust\u00e4nden und bauen Schiffe f\u00fcr die Fischerei. Eine Beschreibungen der hygienischen Zust\u00e4nde und spielenden Kindern im M\u00fcll erspare ich uns allen. Die B\u00e4ume werden dort betreut und ev. schon ab dem n\u00e4chsten Jahr k\u00f6nnen von dort aus die Samen verteilt werden zur weiteren Verbreitung.<\/p>\n<p><strong>ngg_shortcode_0_placeholder<\/strong><\/p>\n","protected":false},"excerpt":{"rendered":"<p>Dem Tipp und Rat folgend von einer sehr netten GIZ &#8211; Mitarbeiterin f\u00fcr Katastrophenschutz haben wir vor 3 Tagen 250 Neemb\u00e4ume &#8211; gesch\u00fctzt auf privaten Grund &#8211; in die N\u00e4he einer Fischer-Gemeinde gepflanzt. Der &#8222;Einstand&#8220; an Samen f\u00fcr dieses Gebiet und die n\u00e4chsten Jahre. Dieses Dorf ist ein Beispiel f\u00fcr\u2026<\/p>\n<p> <a class=\"continue-reading-link\" href=\"http:\/\/www.plan-verde.org\/gallery\/pflanzaktion-in-islilla\/\"><span>Continue reading<\/span><i class=\"crycon-right-dir\"><\/i><\/a> <\/p>\n","protected":false},"author":1,"featured_media":0,"parent":0,"menu_order":0,"comment_status":"closed","ping_status":"closed","template":"","meta":{"ngg_post_thumbnail":0,"footnotes":""},"class_list":["post-63","page","type-page","status-publish","hentry"],"aioseo_notices":[],"_links":{"self":[{"href":"http:\/\/www.plan-verde.org\/gallery\/wp-json\/wp\/v2\/pages\/63","targetHints":{"allow":["GET"]}}],"collection":[{"href":"http:\/\/www.plan-verde.org\/gallery\/wp-json\/wp\/v2\/pages"}],"about":[{"href":"http:\/\/www.plan-verde.org\/gallery\/wp-json\/wp\/v2\/types\/page"}],"author":[{"embeddable":true,"href":"http:\/\/www.plan-verde.org\/gallery\/wp-json\/wp\/v2\/users\/1"}],"replies":[{"embeddable":true,"href":"http:\/\/www.plan-verde.org\/gallery\/wp-json\/wp\/v2\/comments?post=63"}],"version-history":[{"count":0,"href":"http:\/\/www.plan-verde.org\/gallery\/wp-json\/wp\/v2\/pages\/63\/revisions"}],"wp:attachment":[{"href":"http:\/\/www.plan-verde.org\/gallery\/wp-json\/wp\/v2\/media?parent=63"}],"curies":[{"name":"wp","href":"https:\/\/api.w.org\/{rel}","templated":true}]}}